{"id":9,"date":"2026-02-21T20:18:29","date_gmt":"2026-02-21T20:18:29","guid":{"rendered":"https:\/\/tarottelefonico24h.es\/?page_id=9"},"modified":"2026-04-05T23:59:40","modified_gmt":"2026-04-05T23:59:40","slug":"inicio","status":"publish","type":"page","link":"https:\/\/tarottelefonico24h.es\/","title":{"rendered":"Tarot Telef\u00f3nico 24 Horas en Espa\u00f1a"},"content":{"rendered":"\n<h1 class=\"wp-block-heading alignwide has-text-align-center\" style=\"margin-top:47px;margin-bottom:47px;font-size:clamp(1.502rem, 1.502rem + ((1vw - 0.2rem) * 1.565), 2.5rem);\">Tarot Telef\u00f3nico 24 Horas en Espa\u00f1a<\/h1>\n\n\n\n<p class=\"has-text-align-center has-text-color has-link-color has-large-font-size wp-elements-5c710ded73e48e85ef351d20b73141ea\" style=\"color:#cfcfcf\">Habla ahora con tarotistas expertos.<br>Respuesta inmediata y confidencial.<\/p>\n\n\n\n<p class=\"has-text-align-center has-text-color has-link-color has-large-font-size wp-elements-6087d844ed430d3d427fe2340b2ac008\" style=\"color:#cfcfcf\"><\/p>\n\n\n\n<p class=\"has-text-align-center has-text-color has-link-color wp-elements-29aebac69bc6882c5c59c783b67e1d8c\" style=\"color:#aaaaaa;font-size:clamp(0.875rem, 0.875rem + ((1vw - 0.2rem) * 0.51), 1.2rem);line-height:0\">Disponible en este momento<\/p>\n\n\n\n<div class=\"wp-block-buttons is-content-justification-center is-layout-flex wp-container-core-buttons-is-layout-226ec812 wp-block-buttons-is-layout-flex\" style=\"padding-top:0px;padding-bottom:0px\">\n<div class=\"wp-block-button has-custom-width wp-block-button__width-100 is-style-fill\"><a class=\"wp-block-button__link has-base-color has-text-color has-background has-link-color has-x-large-font-size has-text-align-center has-custom-font-size wp-element-button\" href=\"tel:932519746\" style=\"border-top-left-radius:12px;border-top-right-radius:12px;border-bottom-left-radius:12px;border-bottom-right-radius:12px;background-color:#e63946;padding-top:0px;padding-right:0;padding-bottom:0px;padding-left:0;font-style:normal;font-weight:600\">LLAMA AHORA<br>932 519 746<\/a><\/div>\n<\/div>\n\n\n\n<p class=\"has-text-align-center has-text-color has-link-color has-small-font-size wp-elements-d9056bcb9d21e1389b8df3e87b49a12f\" style=\"border-top-left-radius:0px;border-top-right-radius:0px;border-bottom-left-radius:0px;border-bottom-right-radius:0px;color:#878686\">Servicio para mayores de 18 a\u00f1os. Coste seg\u00fan operador. Atenci\u00f3n profesional 24h.<\/p>\n\n\n\n<p class=\"has-text-align-left\">Nuestro servicio de tarot telef\u00f3nico 24 horas en Espa\u00f1a est\u00e1 disponible todos los d\u00edas del a\u00f1o sin interrupciones. Ofrecemos consultas directas con tarotistas expertos, sin necesidad de cita previa. Si buscas un tarot telef\u00f3nico fiable, profesional y accesible en cualquier momento, puedes llamar ahora mismo. Atenci\u00f3n confidencial, orientaci\u00f3n clara y respuesta inmediata en cuestiones de amor, trabajo y decisiones personales.<\/p>\n\n\n\n<h2 class=\"wp-block-heading has-text-align-center\" style=\"font-size:clamp(0.929rem, 0.929rem + ((1vw - 0.2rem) * 0.739), 1.4rem);font-style:normal;font-weight:600\">Consulta de Tarot Telef\u00f3nico Inmediata en Espa\u00f1a<\/h2>\n\n\n\n<p>Este servicio de tarot telef\u00f3nico est\u00e1 pensado para quienes necesitan respuestas ahora. Sin registros, sin esperas y con total discreci\u00f3n. Llama y conecta directamente con un tarotista profesional disponible en este momento. Servicio para mayores de 18 a\u00f1os con atenci\u00f3n personalizada 24h.<\/p>\n\n\n\n<div class=\"wp-block-group is-layout-grid wp-container-core-group-is-layout-2a87fdaa wp-block-group-is-layout-grid\">\n<figure class=\"wp-block-image size-large\"><a href=\"https:\/\/coral.tarottelefonico24h.es\/\"><img loading=\"lazy\" decoding=\"async\" width=\"1024\" height=\"683\" src=\"https:\/\/tarottelefonico24h.es\/wp-content\/uploads\/2026\/04\/coral-tarotista-consulta-espiritual-tarot-telefonico-1024x683.png\" alt=\"Tarotista Coral realizando lectura de tarot con vela en ambiente m\u00edstico y espiritual\" class=\"wp-image-72\" style=\"aspect-ratio:1;object-fit:cover\" srcset=\"https:\/\/tarottelefonico24h.es\/wp-content\/uploads\/2026\/04\/coral-tarotista-consulta-espiritual-tarot-telefonico-1024x683.png 1024w, https:\/\/tarottelefonico24h.es\/wp-content\/uploads\/2026\/04\/coral-tarotista-consulta-espiritual-tarot-telefonico-300x200.png 300w, https:\/\/tarottelefonico24h.es\/wp-content\/uploads\/2026\/04\/coral-tarotista-consulta-espiritual-tarot-telefonico-768x512.png 768w, https:\/\/tarottelefonico24h.es\/wp-content\/uploads\/2026\/04\/coral-tarotista-consulta-espiritual-tarot-telefonico.png 1536w\" sizes=\"auto, (max-width: 1024px) 100vw, 1024px\" \/><\/a><figcaption class=\"wp-element-caption\">Coral, tarotista experta en consultas espirituales y gu\u00eda emocional<\/figcaption><\/figure>\n\n\n\n<figure class=\"wp-block-image size-large\"><a href=\"https:\/\/silvia.tarottelefonico24h.es\/\"><img loading=\"lazy\" decoding=\"async\" width=\"1024\" height=\"683\" src=\"https:\/\/tarottelefonico24h.es\/wp-content\/uploads\/2026\/04\/silvia-tarotista-vidente-bola-cristal-tarot-telefonico-1024x683.png\" alt=\"Tarotista Silvia realizando lectura de tarot con bola de cristal y velas en ambiente m\u00edstico\" class=\"wp-image-75\" style=\"aspect-ratio:1;object-fit:cover\" srcset=\"https:\/\/tarottelefonico24h.es\/wp-content\/uploads\/2026\/04\/silvia-tarotista-vidente-bola-cristal-tarot-telefonico-1024x683.png 1024w, https:\/\/tarottelefonico24h.es\/wp-content\/uploads\/2026\/04\/silvia-tarotista-vidente-bola-cristal-tarot-telefonico-300x200.png 300w, https:\/\/tarottelefonico24h.es\/wp-content\/uploads\/2026\/04\/silvia-tarotista-vidente-bola-cristal-tarot-telefonico-768x512.png 768w, https:\/\/tarottelefonico24h.es\/wp-content\/uploads\/2026\/04\/silvia-tarotista-vidente-bola-cristal-tarot-telefonico.png 1536w\" sizes=\"auto, (max-width: 1024px) 100vw, 1024px\" \/><\/a><figcaption class=\"wp-element-caption\">Silvia, tarotista sensitiva especializada en intuici\u00f3n, amor y gu\u00eda espiritual<\/figcaption><\/figure>\n\n\n\n<figure class=\"wp-block-image size-large\"><a href=\"https:\/\/esmeralda.tarottelefonico24h.es\/\"><img loading=\"lazy\" decoding=\"async\" width=\"1024\" height=\"683\" src=\"https:\/\/tarottelefonico24h.es\/wp-content\/uploads\/2026\/04\/esmeralda-tarotista-consulta-amor-videncia-tarot-telefonico-1024x683.png\" alt=\"Tarotista Esmeralda realizando lectura de tarot con vela y bola de cristal en ambiente espiritual\" class=\"wp-image-73\" style=\"aspect-ratio:1;object-fit:cover\" srcset=\"https:\/\/tarottelefonico24h.es\/wp-content\/uploads\/2026\/04\/esmeralda-tarotista-consulta-amor-videncia-tarot-telefonico-1024x683.png 1024w, https:\/\/tarottelefonico24h.es\/wp-content\/uploads\/2026\/04\/esmeralda-tarotista-consulta-amor-videncia-tarot-telefonico-300x200.png 300w, https:\/\/tarottelefonico24h.es\/wp-content\/uploads\/2026\/04\/esmeralda-tarotista-consulta-amor-videncia-tarot-telefonico-768x512.png 768w, https:\/\/tarottelefonico24h.es\/wp-content\/uploads\/2026\/04\/esmeralda-tarotista-consulta-amor-videncia-tarot-telefonico.png 1536w\" sizes=\"auto, (max-width: 1024px) 100vw, 1024px\" \/><\/a><figcaption class=\"wp-element-caption\">Esmeralda, tarotista intuitiva especializada en amor, decisiones y gu\u00eda espiritual<\/figcaption><\/figure>\n\n\n\n<figure class=\"wp-block-image size-large\"><a href=\"https:\/\/mary.tarottelefonico24h.es\/\"><img loading=\"lazy\" decoding=\"async\" width=\"1024\" height=\"683\" src=\"https:\/\/tarottelefonico24h.es\/wp-content\/uploads\/2026\/04\/mary-tarotista-consulta-amor-decisiones-tarot-telefonico-1024x683.png\" alt=\"Tarotista Mary realizando lectura de tarot con cartas y velas en ambiente c\u00e1lido y espiritual\" class=\"wp-image-74\" style=\"aspect-ratio:1;object-fit:cover\" srcset=\"https:\/\/tarottelefonico24h.es\/wp-content\/uploads\/2026\/04\/mary-tarotista-consulta-amor-decisiones-tarot-telefonico-1024x683.png 1024w, https:\/\/tarottelefonico24h.es\/wp-content\/uploads\/2026\/04\/mary-tarotista-consulta-amor-decisiones-tarot-telefonico-300x200.png 300w, https:\/\/tarottelefonico24h.es\/wp-content\/uploads\/2026\/04\/mary-tarotista-consulta-amor-decisiones-tarot-telefonico-768x512.png 768w, https:\/\/tarottelefonico24h.es\/wp-content\/uploads\/2026\/04\/mary-tarotista-consulta-amor-decisiones-tarot-telefonico.png 1536w\" sizes=\"auto, (max-width: 1024px) 100vw, 1024px\" \/><\/a><figcaption class=\"wp-element-caption\">Mary, tarotista intuitiva especializada en amor, claridad emocional y toma de decisiones<\/figcaption><\/figure>\n<\/div>\n\n\n\n<div class=\"wp-block-group alignfull has-background-color has-global-padding is-layout-constrained wp-container-core-group-is-layout-5d2f8bdc wp-block-group-is-layout-constrained\" style=\"margin-top:0;margin-bottom:0;padding-top:var(--wp--preset--spacing--40);padding-right:var(--wp--preset--spacing--30);padding-bottom:var(--wp--preset--spacing--40);padding-left:var(--wp--preset--spacing--30)\">\n<div class=\"wp-block-group alignfull has-global-padding is-layout-constrained wp-block-group-is-layout-constrained\" style=\"padding-top:var(--wp--preset--spacing--70);padding-bottom:var(--wp--preset--spacing--70)\">\n<div style=\"height:var(--wp--preset--spacing--20)\" aria-hidden=\"true\" class=\"wp-block-spacer\"><\/div>\n\n\n\n<div class=\"wp-block-group is-vertical is-content-justification-center is-layout-flex wp-container-core-group-is-layout-6329a8f3 wp-block-group-is-layout-flex\"><p class=\"has-text-align-center wp-block-site-title\"><a href=\"https:\/\/tarottelefonico24h.es\" target=\"_self\" rel=\"home\">Tarot Telef\u00f3nico 24 horas<\/a><\/p>\n\n<\/div>\n\n\n\n<p class=\"has-text-align-center has-small-font-size\"><a href=\"https:\/\/tarottelefonico24h.es\/?page_id=40\" data-type=\"page\" data-id=\"40\">Aviso Legal <\/a>| <a href=\"https:\/\/tarottelefonico24h.es\/?page_id=3\" data-type=\"page\" data-id=\"3\">Pol\u00edtica de Privacidad<\/a> | <a href=\"https:\/\/tarottelefonico24h.es\/?page_id=51\" data-type=\"page\" data-id=\"51\">Cookies<\/a><br>\t\t\u00a9 2026 tarottelefonico24h.es \u2013 Todos los derechos reservados\t<\/p>\n<\/div>\n<\/div>\n","protected":false},"excerpt":{"rendered":"<p>Tarot Telef\u00f3nico 24 Horas en Espa\u00f1a Habla ahora con tarotistas expertos.Respuesta inmediata y confidencial. Disponible en este momento Servicio para mayores de 18 a\u00f1os. Coste seg\u00fan operador. Atenci\u00f3n profesional 24h. Nuestro servicio de tarot telef\u00f3nico 24 horas en Espa\u00f1a est\u00e1 disponible todos los d\u00edas del a\u00f1o sin interrupciones. Ofrecemos consultas directas con tarotistas expertos, sin [&hellip;]<\/p>\n","protected":false},"author":1,"featured_media":0,"parent":0,"menu_order":0,"comment_status":"closed","ping_status":"closed","template":"","meta":{"footnotes":""},"class_list":["post-9","page","type-page","status-publish","hentry"],"_links":{"self":[{"href":"https:\/\/tarottelefonico24h.es\/index.php?rest_route=\/wp\/v2\/pages\/9","targetHints":{"allow":["GET"]}}],"collection":[{"href":"https:\/\/tarottelefonico24h.es\/index.php?rest_route=\/wp\/v2\/pages"}],"about":[{"href":"https:\/\/tarottelefonico24h.es\/index.php?rest_route=\/wp\/v2\/types\/page"}],"author":[{"embeddable":true,"href":"https:\/\/tarottelefonico24h.es\/index.php?rest_route=\/wp\/v2\/users\/1"}],"replies":[{"embeddable":true,"href":"https:\/\/tarottelefonico24h.es\/index.php?rest_route=%2Fwp%2Fv2%2Fcomments&post=9"}],"version-history":[{"count":26,"href":"https:\/\/tarottelefonico24h.es\/index.php?rest_route=\/wp\/v2\/pages\/9\/revisions"}],"predecessor-version":[{"id":77,"href":"https:\/\/tarottelefonico24h.es\/index.php?rest_route=\/wp\/v2\/pages\/9\/revisions\/77"}],"wp:attachment":[{"href":"https:\/\/tarottelefonico24h.es\/index.php?rest_route=%2Fwp%2Fv2%2Fmedia&parent=9"}],"curies":[{"name":"wp","href":"https:\/\/api.w.org\/{rel}","templated":true}]}}