{"id":51,"date":"2026-02-23T15:02:27","date_gmt":"2026-02-23T15:02:27","guid":{"rendered":"https:\/\/tarottelefonico24h.es\/?page_id=51"},"modified":"2026-04-06T17:54:51","modified_gmt":"2026-04-06T17:54:51","slug":"politica-de-cookies","status":"publish","type":"page","link":"https:\/\/tarottelefonico24h.es\/?page_id=51","title":{"rendered":"Pol\u00edtica de cookies"},"content":{"rendered":"\n<div class=\"wp-block-group alignwide has-base-background-color has-background has-global-padding is-layout-constrained wp-block-group-is-layout-constrained\">\n<p><\/p>\n\n\n\n<p class=\"has-contrast-color has-text-color has-link-color wp-elements-de48f55c5a83e42c8c3fdc546f107b0a\"><strong>Pol\u00edtica de cookies<\/strong><\/p>\n\n\n\n<p class=\"has-contrast-color has-text-color has-link-color wp-elements-d36843b4ffcb34363b13a405a27dcb84\">Este sitio web utiliza exclusivamente cookies t\u00e9cnicas necesarias para su funcionamiento.<\/p>\n\n\n\n<p class=\"has-contrast-color has-text-color has-link-color wp-elements-1165939b63646a8517fa8d67d6c52fdb\">No se utilizan cookies de an\u00e1lisis, publicidad ni de terceros.<\/p>\n\n\n\n<p><\/p>\n<\/div>\n","protected":false},"excerpt":{"rendered":"<p>Pol\u00edtica de cookies Este sitio web utiliza exclusivamente cookies t\u00e9cnicas necesarias para su funcionamiento. No se utilizan cookies de an\u00e1lisis, publicidad ni de terceros.<\/p>\n","protected":false},"author":1,"featured_media":0,"parent":0,"menu_order":0,"comment_status":"closed","ping_status":"closed","template":"","meta":{"footnotes":""},"class_list":["post-51","page","type-page","status-publish","hentry"],"_links":{"self":[{"href":"https:\/\/tarottelefonico24h.es\/index.php?rest_route=\/wp\/v2\/pages\/51","targetHints":{"allow":["GET"]}}],"collection":[{"href":"https:\/\/tarottelefonico24h.es\/index.php?rest_route=\/wp\/v2\/pages"}],"about":[{"href":"https:\/\/tarottelefonico24h.es\/index.php?rest_route=\/wp\/v2\/types\/page"}],"author":[{"embeddable":true,"href":"https:\/\/tarottelefonico24h.es\/index.php?rest_route=\/wp\/v2\/users\/1"}],"replies":[{"embeddable":true,"href":"https:\/\/tarottelefonico24h.es\/index.php?rest_route=%2Fwp%2Fv2%2Fcomments&post=51"}],"version-history":[{"count":2,"href":"https:\/\/tarottelefonico24h.es\/index.php?rest_route=\/wp\/v2\/pages\/51\/revisions"}],"predecessor-version":[{"id":67,"href":"https:\/\/tarottelefonico24h.es\/index.php?rest_route=\/wp\/v2\/pages\/51\/revisions\/67"}],"wp:attachment":[{"href":"https:\/\/tarottelefonico24h.es\/index.php?rest_route=%2Fwp%2Fv2%2Fmedia&parent=51"}],"curies":[{"name":"wp","href":"https:\/\/api.w.org\/{rel}","templated":true}]}}