{"id":40,"date":"2026-02-22T23:45:02","date_gmt":"2026-02-22T23:45:02","guid":{"rendered":"https:\/\/tarottelefonico24h.es\/?page_id=40"},"modified":"2026-04-06T17:53:50","modified_gmt":"2026-04-06T17:53:50","slug":"aviso-legal","status":"publish","type":"page","link":"https:\/\/tarottelefonico24h.es\/?page_id=40","title":{"rendered":"Aviso Legal"},"content":{"rendered":"\n<div class=\"wp-block-group alignwide has-contrast-color has-base-background-color has-text-color has-background has-link-color wp-elements-07c865a0d8fd7bac3835414a36300f0a has-global-padding is-content-justification-center is-layout-constrained wp-container-core-group-is-layout-b4ad3342 wp-block-group-is-layout-constrained\">\n<p><\/p>\n\n\n\n<p><strong>Aviso Legal<\/strong><\/p>\n\n\n\n<p><\/p>\n\n\n\n<p class=\"is-style-default has-contrast-color has-text-color has-link-color wp-elements-83e9aa5e4c6d775aaba1d431d7ad4ba8\" style=\"border-top-left-radius:0px;border-top-right-radius:0px;border-bottom-left-radius:0px;border-bottom-right-radius:0px;margin-top:0;margin-right:0;margin-bottom:0;margin-left:0\">En cumplimiento con la Ley 34\/2002, de Servicios de la Sociedad de la Informaci\u00f3n y Comercio Electr\u00f3nico (LSSI-CE), se informa que el presente sitio web:<\/p>\n\n\n\n<p class=\"has-contrast-color has-text-color has-link-color wp-elements-4830ff9f72635e40ae76cecf0d0b86b0\">es titularidad de:<\/p>\n\n\n\n<p class=\"has-contrast-color has-text-color has-link-color wp-elements-3e3715f08b28db1f88283b08d7fd27b4\">Jos\u00e9 Gregorio Medina Codesido<br>NIF: 78858254V<br>Calle Hern\u00e1ndez Amador 15, Bajo<br>38320 La Laguna, Tenerife \u2013 Espa\u00f1a<br>Correo electr\u00f3nico: asunto@tarottelefonico24h.es<\/p>\n\n\n\n<p class=\"has-contrast-color has-text-color has-link-color wp-elements-614a5e1d987f4743cd8ee3eade7db101\">Finalidad del sitio web<\/p>\n\n\n\n<p class=\"has-contrast-color has-text-color has-link-color wp-elements-1c96cc875d284aa3d941dd37a1349863\">Este sitio web tiene como finalidad la promoci\u00f3n publicitaria de servicios de orientaci\u00f3n espiritual y tarot telef\u00f3nico prestados por un gabinete externo independiente.<\/p>\n\n\n\n<p class=\"has-contrast-color has-text-color has-link-color wp-elements-e5652061b56de13ec3579817485fb98c\">El titular del sitio web no presta directamente el servicio de consulta ni gestiona el cobro del mismo.<\/p>\n\n\n\n<h3 class=\"wp-block-heading has-contrast-color has-text-color has-link-color wp-elements-f128cd1ea55c6bde1c1d45c3c75631b7\">Prestaci\u00f3n del servicio<\/h3>\n\n\n\n<p class=\"has-contrast-color has-text-color has-link-color wp-elements-1fdeffa66480da2fd45d775dfc55f5c3\">Las llamadas realizadas al n\u00famero 932 519 746 son atendidas por un gabinete externo.<\/p>\n\n\n\n<p class=\"has-contrast-color has-text-color has-link-color wp-elements-8a58cd1817ee6a076bc614cd94222749\">El pago del servicio se realiza mediante tarjeta y es gestionado directamente por dicho gabinete.<\/p>\n\n\n\n<p class=\"has-contrast-color has-text-color has-link-color wp-elements-ccc4b3888b8caa6f2e3f7ea947db286b\">El titular de este sitio web act\u00faa exclusivamente como intermediario publicitario y no forma parte de la relaci\u00f3n contractual entre el usuario y el gabinete.<\/p>\n\n\n\n<h3 class=\"wp-block-heading has-contrast-color has-text-color has-link-color wp-elements-810a2ee3eb3f39f7566b257f99c0e62d\">P\u00fablico objetivo<\/h3>\n\n\n\n<p class=\"has-contrast-color has-text-color has-link-color wp-elements-5e641bac5693892b4dfe5fef44c83085\">Servicio exclusivo para mayores de 18 a\u00f1os.<\/p>\n\n\n\n<p class=\"has-contrast-color has-text-color has-link-color wp-elements-35560f96dc5d46427349f0488f7605a8\">Las condiciones econ\u00f3micas del servicio ser\u00e1n informadas por el gabinete antes de la contrataci\u00f3n.<\/p>\n\n\n\n<p><strong>tarottelefonico24h.es<\/strong><\/p>\n<\/div>\n\n\n\n<p><\/p>\n","protected":false},"excerpt":{"rendered":"<p>Aviso Legal En cumplimiento con la Ley 34\/2002, de Servicios de la Sociedad de la Informaci\u00f3n y Comercio Electr\u00f3nico (LSSI-CE), se informa que el presente sitio web: es titularidad de: Jos\u00e9 Gregorio Medina CodesidoNIF: 78858254VCalle Hern\u00e1ndez Amador 15, Bajo38320 La Laguna, Tenerife \u2013 Espa\u00f1aCorreo electr\u00f3nico: asunto@tarottelefonico24h.es Finalidad del sitio web Este sitio web tiene como [&hellip;]<\/p>\n","protected":false},"author":1,"featured_media":0,"parent":0,"menu_order":0,"comment_status":"closed","ping_status":"closed","template":"","meta":{"footnotes":""},"class_list":["post-40","page","type-page","status-publish","hentry"],"_links":{"self":[{"href":"https:\/\/tarottelefonico24h.es\/index.php?rest_route=\/wp\/v2\/pages\/40","targetHints":{"allow":["GET"]}}],"collection":[{"href":"https:\/\/tarottelefonico24h.es\/index.php?rest_route=\/wp\/v2\/pages"}],"about":[{"href":"https:\/\/tarottelefonico24h.es\/index.php?rest_route=\/wp\/v2\/types\/page"}],"author":[{"embeddable":true,"href":"https:\/\/tarottelefonico24h.es\/index.php?rest_route=\/wp\/v2\/users\/1"}],"replies":[{"embeddable":true,"href":"https:\/\/tarottelefonico24h.es\/index.php?rest_route=%2Fwp%2Fv2%2Fcomments&post=40"}],"version-history":[{"count":4,"href":"https:\/\/tarottelefonico24h.es\/index.php?rest_route=\/wp\/v2\/pages\/40\/revisions"}],"predecessor-version":[{"id":63,"href":"https:\/\/tarottelefonico24h.es\/index.php?rest_route=\/wp\/v2\/pages\/40\/revisions\/63"}],"wp:attachment":[{"href":"https:\/\/tarottelefonico24h.es\/index.php?rest_route=%2Fwp%2Fv2%2Fmedia&parent=40"}],"curies":[{"name":"wp","href":"https:\/\/api.w.org\/{rel}","templated":true}]}}